{"id":48,"date":"2025-06-04T19:35:52","date_gmt":"2025-06-05T00:35:52","guid":{"rendered":"https:\/\/sitramipancash.com\/?page_id=48"},"modified":"2025-06-07T13:57:29","modified_gmt":"2025-06-07T18:57:29","slug":"vision-y-mision","status":"publish","type":"page","link":"https:\/\/sitramipancash.com\/index.php\/vision-y-mision\/","title":{"rendered":"Visi\u00f3n y Misi\u00f3n"},"content":{"rendered":"\n<!DOCTYPE html>\n<html lang=\"es\">\n<head>\n    <meta charset=\"UTF-8\">\n    <meta name=\"viewport\" content=\"width=device-width, initial-scale=1.0\">\n    <title>Misi\u00f3n y Visi\u00f3n SITRAMIP Ancash<\/title>\n    <link href=\"https:\/\/cdnjs.cloudflare.com\/ajax\/libs\/font-awesome\/6.0.0-beta3\/css\/all.min.css\" rel=\"stylesheet\">\n    <style>\n        body {\n            font-family: Arial, sans-serif;\n            line-height: 1.6;\n            margin: 20px;\n        }\n        .contenido {\n            text-align: justify;\n        }\n        h1, h2 {\n            text-align: center;\n        }\n        .icono {\n            font-size: 2rem;\n            margin-right: 10px;\n        }\n        .seccion {\n            display: flex;\n            align-items: center;\n            justify-content: center;\n        }\n        .seccion h2 {\n            display: inline;\n        }\n    <\/style>\n<\/head>\n<body>\n\n    <h1>SITRAMIP Ancash<\/h1>\n\n    <div class=\"seccion\">\n        <i class=\"fas fa-gavel icono\"><\/i>\n        <h2>Misi\u00f3n<\/h2>\n    <\/div>\n    <div class=\"contenido\">\n        <p>La misi\u00f3n de SITRAMIP Ancash es velar por la defensa, promoci\u00f3n y protecci\u00f3n de los derechos laborales, la dignidad profesional y el bienestar integral de los trabajadores del Ministerio P\u00fablico en el Distrito Fiscal de Ancash. Como organizaci\u00f3n sindical legalmente constituida, nos comprometemos a ser la voz representativa y firme de nuestros asociados, garantizando la mejora continua de sus condiciones laborales, la seguridad en su entorno de trabajo y el reconocimiento de su labor dentro del sistema de justicia. Trabajamos para fomentar una administraci\u00f3n p\u00fablica \u00e9tica, transparente y justa, promoviendo el di\u00e1logo social y la participaci\u00f3n activa de nuestros miembros en la defensa de sus derechos.<\/p>\n    <\/div>\n\n    <div class=\"seccion\">\n        <i class=\"fas fa-users-cog icono\"><\/i>\n        <h2>Visi\u00f3n<\/h2>\n    <\/div>\n    <div class=\"contenido\">\n        <p>Ser un sindicato de referencia en nacional, consolidado en la lucha por los derechos laborales y el reconocimiento de la labor del Ministerio P\u00fablico, contribuyendo al fortalecimiento del sistema de justicia y a la mejora de la calidad de vida de los trabajadores p\u00fablicos. Aspiramos a ser una organizaci\u00f3n sindical unida, proactiva y comprometida con la \u00e9tica, la transparencia y la innovaci\u00f3n en la administraci\u00f3n p\u00fablica, participando activamente en los espacios de deliberaci\u00f3n a nivel nacional, siempre promoviendo la justicia social, la equidad y el respeto por los derechos fundamentales de nuestros miembros.<\/p>\n    <\/div>\n\n<\/body>\n<\/html>\n","protected":false},"excerpt":{"rendered":"<p>Misi\u00f3n y Visi\u00f3n SITRAMIP Ancash SITRAMIP Ancash Misi\u00f3n La misi\u00f3n de SITRAMIP Ancash es velar por la defensa, promoci\u00f3n y protecci\u00f3n de los derechos laborales, la dignidad profesional y el bienestar integral de los trabajadores del Ministerio P\u00fablico en el Distrito Fiscal de Ancash. Como organizaci\u00f3n sindical legalmente constituida, nos comprometemos a ser la voz&#8230;<\/p>\n<p class=\"more-link-wrap\"><a href=\"https:\/\/sitramipancash.com\/index.php\/vision-y-mision\/\" class=\"more-link\">Read More<span class=\"screen-reader-text\"> &ldquo;Visi\u00f3n y Misi\u00f3n&rdquo;<\/span> &raquo;<\/a><\/p>\n","protected":false},"author":1,"featured_media":0,"parent":0,"menu_order":0,"comment_status":"closed","ping_status":"closed","template":"","meta":{"footnotes":""},"class_list":["post-48","page","type-page","status-publish","hentry"],"_links":{"self":[{"href":"https:\/\/sitramipancash.com\/index.php\/wp-json\/wp\/v2\/pages\/48","targetHints":{"allow":["GET"]}}],"collection":[{"href":"https:\/\/sitramipancash.com\/index.php\/wp-json\/wp\/v2\/pages"}],"about":[{"href":"https:\/\/sitramipancash.com\/index.php\/wp-json\/wp\/v2\/types\/page"}],"author":[{"embeddable":true,"href":"https:\/\/sitramipancash.com\/index.php\/wp-json\/wp\/v2\/users\/1"}],"replies":[{"embeddable":true,"href":"https:\/\/sitramipancash.com\/index.php\/wp-json\/wp\/v2\/comments?post=48"}],"version-history":[{"count":5,"href":"https:\/\/sitramipancash.com\/index.php\/wp-json\/wp\/v2\/pages\/48\/revisions"}],"predecessor-version":[{"id":208,"href":"https:\/\/sitramipancash.com\/index.php\/wp-json\/wp\/v2\/pages\/48\/revisions\/208"}],"wp:attachment":[{"href":"https:\/\/sitramipancash.com\/index.php\/wp-json\/wp\/v2\/media?parent=48"}],"curies":[{"name":"wp","href":"https:\/\/api.w.org\/{rel}","templated":true}]}}